{"id":6619,"date":"2015-01-14T03:14:04","date_gmt":"2015-01-14T03:14:04","guid":{"rendered":"http:\/\/www.graceeffective.com\/?page_id=6619"},"modified":"2015-03-03T21:29:50","modified_gmt":"2015-03-03T21:29:50","slug":"pedro-tepper","status":"publish","type":"page","link":"http:\/\/www.petertepper.com\/es\/pedro-tepper\/","title":{"rendered":"Pedro Tepper"},"content":{"rendered":"<p><a href=\"http:\/\/www.graceeffective.com\/wp-content\/uploads\/2014\/10\/peter-and-michelle-400x400.png\"><img loading=\"lazy\" class=\"aligncenter wp-image-5739 size-medium\" src=\"http:\/\/www.graceeffective.com\/wp-content\/uploads\/2014\/10\/peter-and-michelle-400x400-300x276.png\" alt=\"Peter and Michelle Tepper\" width=\"300\" height=\"276\" \/><\/a><\/p>\n<h2>Acerca de Pedro Tepper<\/h2>\n<p>Pedro Tepper est\u00e1 casado con Michelle. Padre de Sof\u00eda. \u00c9l es una extra\u00f1a mezcla de espa\u00f1ol, estadounidense y brit\u00e1nico. Creciendo como un hijo de misioneros en M\u00e9xico y Espa\u00f1a habla castellano e ingles. De ni\u00f1o, vio gracia diariamente en las calles de Madrid.<\/p>\n<p>Pedro desarroll\u00f3 un profundo sentido de la gracia &#8211; la idea de que Dios da de s\u00ed mismo libremente y sin necesidad de nada de nuestra parre &#8211; excepto exactamente eso\u2026nada. Muchos de sus amigos son los chicos y chicas de <a title=\"Betel Internacional\" href=\"http:\/\/www.betel.org\">Betel Madrid, Espa\u00f1a<\/a>.<\/p>\n<p>Betel es una obra impresionante que ayuda a los m\u00e1s vulnerables y los necesitados. Regres\u00f3 a los Estados Unidos para asistir a la universidad de <a title=\"Academia Militar de West Point\" href=\"http:\/\/www.usma.eu\">West Point<\/a>. Aqu\u00ed estudi\u00f3 Historia, portugu\u00e9s e Inform\u00e1tica .<\/p>\n<p>Al graduarse Pedro Tepper recibi\u00f3 una comisi\u00f3n como teniente y se sirvi\u00f3 como l\u00edder de pelot\u00f3n en la infanter\u00eda ligera. Mientras se encontraba en Corea, Pedro sinti\u00f3 una llamada en la capellan\u00eda. El inter\u00e9s de Pedro Tepper en idiomas y desaf\u00edos rigurosos le llev\u00f3 a solicitar una plaza a la Universidad de Oxford para sus estudios de posgrado.<\/p>\n<p>Fue en Oxford, mientras que el estudio de los Evangelios, Pablo y Agust\u00edn que \u00e9l comenz\u00f3 a profundizar en esta cosa llamada gracia. \u00c9l es un ministro ordenado en la <a title=\"Iglesia Presbiteriana Evangelica\" href=\"http:\/\/www.epc.org\">Iglesia Evang\u00e9lica Presbiteriana<\/a>. Mientras se prepara para los ex\u00e1menes de ordenaci\u00f3n que no pod\u00eda quitarse las palabras \u00abgracia efectual\u00bb de su cabeza. Era s\u00f3lo una manera antigua de decir que la Gracia es eficaz &#8211; que hace exactamente lo que dice en la lata.<\/p>\n<p>Se desempe\u00f1\u00f3 como capell\u00e1n en <a title=\"St Aldates, Oxford\" href=\"http:\/\/www.staldates.org.uk\">St Aldates, Oxford<\/a> supervisando el discipulado y el crecimiento espiritual de muchos en la comunidad universitaria. Actualmente, Pedro Tepper tiene el cuidado pastoral en la iglesia de Latimerminster. Su mayor pasi\u00f3n es ver a la gente a crecer a la fe en Jes\u00fas y sumergirse en la extravagante e inmerecida gracia de Dios. Es escritor y editor de <a title=\"Gracia Eficaz\" href=\"http:\/\/www.graceeffective.com\/es\" target=\"_blank\">Gracia Eficaz<\/a>.<\/p>\n","protected":false},"excerpt":{"rendered":"<p>Acerca de Pedro Tepper Pedro Tepper est\u00e1 casado con Michelle. Padre de Sof\u00eda. \u00c9l es una extra\u00f1a mezcla de espa\u00f1ol, estadounidense y brit\u00e1nico. Creciendo como un hijo de misioneros en M\u00e9xico y Espa\u00f1a habla castellano e ingles. De ni\u00f1o, vio gracia diariamente en las calles de Madrid. Pedro desarroll\u00f3 un profundo sentido de la gracia &hellip; <a href=\"http:\/\/www.petertepper.com\/es\/pedro-tepper\/\" class=\"more-link\">Sigue leyendo <span class=\"screen-reader-text\">Pedro Tepper<\/span><\/a><\/p>\n","protected":false},"author":1,"featured_media":6897,"parent":0,"menu_order":0,"comment_status":"open","ping_status":"open","template":"","meta":[],"_links":{"self":[{"href":"http:\/\/www.petertepper.com\/es\/wp-json\/wp\/v2\/pages\/6619"}],"collection":[{"href":"http:\/\/www.petertepper.com\/es\/wp-json\/wp\/v2\/pages"}],"about":[{"href":"http:\/\/www.petertepper.com\/es\/wp-json\/wp\/v2\/types\/page"}],"author":[{"embeddable":true,"href":"http:\/\/www.petertepper.com\/es\/wp-json\/wp\/v2\/users\/1"}],"replies":[{"embeddable":true,"href":"http:\/\/www.petertepper.com\/es\/wp-json\/wp\/v2\/comments?post=6619"}],"version-history":[{"count":5,"href":"http:\/\/www.petertepper.com\/es\/wp-json\/wp\/v2\/pages\/6619\/revisions"}],"predecessor-version":[{"id":6669,"href":"http:\/\/www.petertepper.com\/es\/wp-json\/wp\/v2\/pages\/6619\/revisions\/6669"}],"wp:featuredmedia":[{"embeddable":true,"href":"http:\/\/www.petertepper.com\/es\/wp-json\/wp\/v2\/media\/6897"}],"wp:attachment":[{"href":"http:\/\/www.petertepper.com\/es\/wp-json\/wp\/v2\/media?parent=6619"}],"curies":[{"name":"wp","href":"https:\/\/api.w.org\/{rel}","templated":true}]}}